{"id":6120,"date":"2023-03-09T13:22:44","date_gmt":"2023-03-09T10:22:44","guid":{"rendered":"https:\/\/vitrinclinic.com\/?page_id=6120"},"modified":"2023-05-26T00:17:55","modified_gmt":"2023-05-25T21:17:55","slug":"gingival-esthetics","status":"publish","type":"page","link":"https:\/\/vitrinhealth.com\/tr\/treatments\/gingival-esthetics\/","title":{"rendered":"Di\u015feti Esteti\u011fi"},"content":{"rendered":"<div data-elementor-type=\"wp-page\" data-elementor-id=\"6120\" class=\"elementor elementor-6120\" data-elementor-post-type=\"page\">\n\t\t\t\t<div class=\"elementor-element elementor-element-3d9878ca e-con-full e-flex e-con e-parent\" data-id=\"3d9878ca\" data-element_type=\"container\" data-e-type=\"container\">\n\t\t<div class=\"elementor-element elementor-element-6c2141e1 e-con-full e-flex e-con e-parent\" data-id=\"6c2141e1\" data-element_type=\"container\" data-e-type=\"container\" data-settings=\"{&quot;background_background&quot;:&quot;classic&quot;}\">\n\t\t\t\t<div class=\"elementor-element elementor-element-38256a2f elementor-widget elementor-widget-heading\" data-id=\"38256a2f\" data-element_type=\"widget\" data-e-type=\"widget\" data-widget_type=\"heading.default\">\n\t\t\t\t<div class=\"elementor-widget-container\">\n\t\t\t\t\t<h1 class=\"elementor-heading-title elementor-size-default\">Di\u015feti Esteti\u011fi<\/h1>\t\t\t\t<\/div>\n\t\t\t\t<\/div>\n\t\t\t\t<\/div>\n\t\t\t\t<\/div>\n\t\t<div class=\"elementor-element elementor-element-7636c33b e-flex e-con-boxed e-con e-parent\" data-id=\"7636c33b\" data-element_type=\"container\" data-e-type=\"container\" data-settings=\"{&quot;background_background&quot;:&quot;classic&quot;}\">\n\t\t\t\t\t<div class=\"e-con-inner\">\n\t\t<div class=\"elementor-element elementor-element-13233b37 e-con-full e-flex e-con e-parent\" data-id=\"13233b37\" data-element_type=\"container\" data-e-type=\"container\">\n\t\t\t\t<div class=\"elementor-element elementor-element-359092fc elementor-widget elementor-widget-text-editor\" data-id=\"359092fc\" data-element_type=\"widget\" data-e-type=\"widget\" data-widget_type=\"text-editor.default\">\n\t\t\t\t<div class=\"elementor-widget-container\">\n\t\t\t\t\t\t\t\t\t<p><span style=\"font-weight: 400;\">G\u00fcl\u00fc\u015f\u00fcn\u00fcz\u00fc m\u00fckemmelle\u015ftirmek i\u00e7in yeni di\u015fler yapt\u0131rmak iyi bir fikirdir, ancak di\u015f etleriniz onlar\u0131n hakk\u0131n\u0131 veriyor mu?<\/span><\/p><p><br \/><br \/><\/p><p><span style=\"font-weight: 400;\">Di\u015feti esteti\u011fi, optimum estetik g\u00f6r\u00fcn\u00fcm i\u00e7in di\u015flerin etraf\u0131ndaki di\u015fetlerini d\u00fczeltmeyi ve \u015fekillendirmeyi ama\u00e7layan bir prosed\u00fcrd\u00fcr. <\/span><\/p>\t\t\t\t\t\t\t\t<\/div>\n\t\t\t\t<\/div>\n\t\t\t\t<div class=\"elementor-element elementor-element-48ae01e4 elementor-widget elementor-widget-heading\" data-id=\"48ae01e4\" data-element_type=\"widget\" data-e-type=\"widget\" data-widget_type=\"heading.default\">\n\t\t\t\t<div class=\"elementor-widget-container\">\n\t\t\t\t\t<h2 class=\"elementor-heading-title elementor-size-default\">Di\u015feti Esteti\u011fi Tedavisi<\/h2>\t\t\t\t<\/div>\n\t\t\t\t<\/div>\n\t\t\t\t<div class=\"elementor-element elementor-element-ac3e6fe elementor-widget elementor-widget-text-editor\" data-id=\"ac3e6fe\" data-element_type=\"widget\" data-e-type=\"widget\" data-widget_type=\"text-editor.default\">\n\t\t\t\t<div class=\"elementor-widget-container\">\n\t\t\t\t\t\t\t\t\t<span style=\"font-weight: 400;\">Gingivoplasti veya pembe estetik olarak da bilinen bu prosed\u00fcr, a\u015fa\u011f\u0131da g\u00f6r\u00fcld\u00fc\u011f\u00fc gibi di\u015f etleriyle ilgili birka\u00e7 soruna \u00e7\u00f6z\u00fcm sa\u011flar:<\/span>\n\n<br><br>\n\n<b>Di\u015f Eti Pigmentasyonu\u00a0<\/b>\n<br><br>\n<span style=\"font-weight: 400;\">Di\u015f eti pigmentasyonu, di\u015f etlerinin baz\u0131 b\u00f6lgelerde di\u011ferlerine g\u00f6re daha koyu g\u00f6r\u00fcnd\u00fc\u011f\u00fc bir durumdur. \u00c7o\u011funlukla genetik olsa da, bu melanize di\u015f etleri di\u015flerin parlakl\u0131\u011f\u0131n\u0131 g\u00f6lgeleme e\u011filimindedir. Di\u015f eti esteti\u011fi, bu koyu b\u00f6lgeleri hedefleyen birka\u00e7 lazer seans\u0131 sayesinde buna kal\u0131c\u0131 bir \u00e7\u00f6z\u00fcm getirir. Bu tedavi size sadece daha parlak di\u015f etleri kazand\u0131rmakla kalmaz, ayn\u0131 zamanda t\u00fcm g\u00fcl\u00fc\u015f\u00fcn\u00fcz\u00fc inan\u0131lmaz derecede canland\u0131r\u0131r.\u00a0<\/span>\n\n<br><br>\n\n<b>Sak\u0131zl\u0131 G\u00fcl\u00fcmseme<\/b>\n<br><br>\n<span style=\"font-weight: 400;\">Gummy smile, di\u015f etlerinin di\u015flerin b\u00fcy\u00fck bir b\u00f6l\u00fcm\u00fcn\u00fc kaplad\u0131\u011f\u0131 ve g\u00fcl\u00fcmserken a\u00e7\u0131k\u00e7a g\u00f6r\u00fcld\u00fc\u011f\u00fc bir durumdur. Bunu \u00e7\u00f6zmek i\u00e7in di\u015f uzmanlar\u0131 ortodonti, kaplama, lazer ve gerekti\u011finde cerrahiden yararlan\u0131r. Bu, g\u00fcl\u00fcmserken daha fazla di\u015fin g\u00f6r\u00fcnmesini sa\u011flayarak g\u00fcl\u00fc\u015f\u00fcn\u00fcz\u00fc daha \u00e7ekici hale getirecektir.\u00a0<\/span>\n\n<br><br>\n\n<b>Di\u015f Eti B\u00fcy\u00fctme\u00a0<\/b>\n<br><br>\n<span style=\"font-weight: 400;\">Bu, di\u015f etlerinin \u015fi\u015ferek veya b\u00fcy\u00fcyerek di\u015flerin daha k\u00fc\u00e7\u00fck g\u00f6r\u00fcnmesine neden oldu\u011fu bir durumdur. B\u00f6yle bir durum genetik, tedavi, bakteri veya hastal\u0131ktan kaynaklanabilir. Nedeni ne olursa olsun, bunun kesinlikle bir tedavisi vard\u0131r. Di\u015f uzmanlar\u0131, daha fazla a\u011f\u0131z konforu ve esteti\u011fi i\u00e7in bu di\u015f etlerini k\u00fc\u00e7\u00fcltmek i\u00e7in lazer ve ultrasonik tedaviden yararlan\u0131r.<\/span>\n\n<br><br>\n\n<b>Di\u015f Eti \u00c7ekilmesi<\/b>\n<br><br>\n<span style=\"font-weight: 400;\">Di\u015f eti \u00e7ekilmesi, di\u015f etlerinin di\u015flerden k\u00f6kleri a\u00e7\u0131\u011fa \u00e7\u0131karacak kadar \u00e7ekildi\u011fi bir durumdur. Bunun nedeni a\u011f\u0131z hijyeni, di\u015f ve di\u015f eti travmas\u0131, iltihaplanma veya tedavi olabilir. Di\u015f hekimleri bu durumu cerrahi, ortodonti, kompozit restorasyonlar veya di\u015f eti kaplamalar\u0131 ile tedavi eder.<\/span>\t\t\t\t\t\t\t\t<\/div>\n\t\t\t\t<\/div>\n\t\t\t\t<div class=\"elementor-element elementor-element-4fbe9da3 elementor-widget elementor-widget-heading\" data-id=\"4fbe9da3\" data-element_type=\"widget\" data-e-type=\"widget\" data-widget_type=\"heading.default\">\n\t\t\t\t<div class=\"elementor-widget-container\">\n\t\t\t\t\t<h2 class=\"elementor-heading-title elementor-size-default\">Di\u015feti Esteti\u011fi Maliyeti\n<\/h2>\t\t\t\t<\/div>\n\t\t\t\t<\/div>\n\t\t\t\t<div class=\"elementor-element elementor-element-1351272c elementor-widget elementor-widget-text-editor\" data-id=\"1351272c\" data-element_type=\"widget\" data-e-type=\"widget\" data-widget_type=\"text-editor.default\">\n\t\t\t\t<div class=\"elementor-widget-container\">\n\t\t\t\t\t\t\t\t\t<p><span style=\"font-weight: 400;\">Di\u015f eti esteti\u011fi yapt\u0131rmay\u0131 planl\u0131yorsan\u0131z, fiyat\u0131 merak etmeniz normaldir. Ancak, bu fiyat ger\u00e7ekten bir vakadan di\u011ferine ve bir prosed\u00fcrden di\u011ferine de\u011fi\u015fir. Bu durum, kar\u015f\u0131 kar\u015f\u0131ya olunan vakay\u0131 bilmeden \u00f6nce bir fiyat belirlemeyi zorla\u015ft\u0131r\u0131r.\u00a0<\/span><\/p><p>\u00a0<\/p><p><span style=\"font-weight: 400;\">Yine de arkan\u0131zday\u0131z! T\u0131p uzmanlar\u0131m\u0131z size \u00fccretsiz bir dan\u0131\u015fmanl\u0131k sunmak i\u00e7in her zaman istekli ve haz\u0131rd\u0131r. Bundan sonra, neyden muzdarip oldu\u011funuzu, nas\u0131l d\u00fczeltilece\u011fini ve ne kadara mal olaca\u011f\u0131n\u0131 daha iyi bileceksiniz.<\/span><\/p>\t\t\t\t\t\t\t\t<\/div>\n\t\t\t\t<\/div>\n\t\t\t\t<\/div>\n\t\t<div class=\"elementor-element elementor-element-1f118797 e-con-full e-flex e-con e-parent\" data-id=\"1f118797\" data-element_type=\"container\" data-e-type=\"container\" data-settings=\"{&quot;sticky&quot;:&quot;top&quot;,&quot;sticky_offset&quot;:10,&quot;sticky_parent&quot;:&quot;yes&quot;,&quot;sticky_effects_offset&quot;:50,&quot;sticky_on&quot;:[&quot;desktop&quot;,&quot;tablet&quot;,&quot;mobile&quot;]}\">\n\t\t\t\t<div class=\"elementor-element elementor-element-571d1dba eael-simple-menu-hamburger-align-left eael-hamburger--none elementor-widget elementor-widget-eael-simple-menu\" data-id=\"571d1dba\" data-element_type=\"widget\" data-e-type=\"widget\" data-widget_type=\"eael-simple-menu.default\">\n\t\t\t\t<div class=\"elementor-widget-container\">\n\t\t\t\t\t            <div data-hamburger-icon=\"&lt;svg aria-hidden=&quot;true&quot; class=&quot;e-font-icon-svg e-fas-bars&quot; viewBox=&quot;0 0 448 512&quot; xmlns=&quot;http:\/\/www.w3.org\/2000\/svg&quot;&gt;&lt;path d=&quot;M16 132h416c8.837 0 16-7.163 16-16V76c0-8.837-7.163-16-16-16H16C7.163 60 0 67.163 0 76v40c0 8.837 7.163 16 16 16zm0 160h416c8.837 0 16-7.163 16-16v-40c0-8.837-7.163-16-16-16H16c-8.837 0-16 7.163-16 16v40c0 8.837 7.163 16 16 16zm0 160h416c8.837 0 16-7.163 16-16v-40c0-8.837-7.163-16-16-16H16c-8.837 0-16 7.163-16 16v40c0 8.837 7.163 16 16 16z&quot;&gt;&lt;\/path&gt;&lt;\/svg&gt;\" data-indicator-icon=\"&lt;svg aria-hidden=&quot;true&quot; class=&quot;e-font-icon-svg e-fas-chevron-down&quot; viewBox=&quot;0 0 448 512&quot; xmlns=&quot;http:\/\/www.w3.org\/2000\/svg&quot;&gt;&lt;path d=&quot;M207.029 381.476L12.686 187.132c-9.373-9.373-9.373-24.569 0-33.941l22.667-22.667c9.357-9.357 24.522-9.375 33.901-.04L224 284.505l154.745-154.021c9.379-9.335 24.544-9.317 33.901.04l22.667 22.667c9.373 9.373 9.373 24.569 0 33.941L240.971 381.476c-9.373 9.372-24.569 9.372-33.942 0z&quot;&gt;&lt;\/path&gt;&lt;\/svg&gt;\" data-dropdown-indicator-icon=\"&lt;svg class=&quot;e-font-icon-svg e-fas-angle-down&quot; viewBox=&quot;0 0 320 512&quot; xmlns=&quot;http:\/\/www.w3.org\/2000\/svg&quot;&gt;&lt;path d=&quot;M143 352.3L7 216.3c-9.4-9.4-9.4-24.6 0-33.9l22.6-22.6c9.4-9.4 24.6-9.4 33.9 0l96.4 96.4 96.4-96.4c9.4-9.4 24.6-9.4 33.9 0l22.6 22.6c9.4 9.4 9.4 24.6 0 33.9l-136 136c-9.2 9.4-24.4 9.4-33.8 0z&quot;&gt;&lt;\/path&gt;&lt;\/svg&gt;\" class=\"eael-simple-menu-container eael-simple-menu-align-left eael-simple-menu-dropdown-align-left preset-1\" data-hamburger-breakpoints=\"{&quot;mobile&quot;:&quot;Mobil Portre (&gt; 767px)&quot;,&quot;tablet&quot;:&quot;Tablet Portresi (&gt; 1024px)&quot;,&quot;desktop&quot;:&quot;Desktop (&gt; 2400px)&quot;,&quot;none&quot;:&quot;None&quot;}\" data-hamburger-device=\"none\">\n                <ul id=\"menu-sidebar-menu\" class=\"eael-simple-menu eael-simple-menu-dropdown-animate-to-top eael-simple-menu-indicator eael-simple-menu-vertical\"><li id=\"menu-item-5489\" class=\"menu-item menu-item-type-custom menu-item-object-custom menu-item-has-children menu-item-5489\"><a href=\"#\">Estetik Di\u015f Hekimli\u011fi<\/a>\n<ul class=\"sub-menu\">\n\t<li id=\"menu-item-5494\" class=\"menu-item menu-item-type-post_type menu-item-object-page menu-item-5494\"><a href=\"https:\/\/vitrinhealth.com\/tr\/treatments\/hollywood-smile\/\">Hollywood Smile in \u0130stanbul - T\u00fcrkiye<\/a><\/li>\n\t<li id=\"menu-item-5495\" class=\"menu-item menu-item-type-post_type menu-item-object-page menu-item-5495\"><a href=\"https:\/\/vitrinhealth.com\/tr\/treatments\/teeth-whitening-in-istanbul-turkey\/\">\u0130stanbul'da Di\u015f Beyazlatma - T\u00fcrkiye<\/a><\/li>\n\t<li id=\"menu-item-5491\" class=\"menu-item menu-item-type-post_type menu-item-object-page menu-item-5491\"><a href=\"https:\/\/vitrinhealth.com\/tr\/treatments\/dental-crowns\/\">\u0130stanbul'da Di\u015f Kronlar\u0131 - T\u00fcrkiye<\/a><\/li>\n\t<li id=\"menu-item-5490\" class=\"menu-item menu-item-type-post_type menu-item-object-page menu-item-5490\"><a href=\"https:\/\/vitrinhealth.com\/tr\/treatments\/dental-bridges\/\">Di\u015f K\u00f6pr\u00fcleri<\/a><\/li>\n\t<li id=\"menu-item-5492\" class=\"menu-item menu-item-type-post_type menu-item-object-page menu-item-5492\"><a href=\"https:\/\/vitrinhealth.com\/tr\/treatments\/dental-veneers\/\">\u0130stanbul'da Di\u015f Kaplamalar\u0131 - T\u00fcrkiye<\/a><\/li>\n\t<li id=\"menu-item-5493\" class=\"menu-item menu-item-type-post_type menu-item-object-page menu-item-5493\"><a href=\"https:\/\/vitrinhealth.com\/tr\/treatments\/digital-smile-design\/\">Dijital G\u00fcl\u00fc\u015f Tasar\u0131m\u0131<\/a><\/li>\n\t<li id=\"menu-item-6133\" class=\"menu-item menu-item-type-post_type menu-item-object-page menu-item-6133\"><a href=\"https:\/\/vitrinhealth.com\/tr\/treatments\/gingival-esthetics\/\">Di\u015feti Esteti\u011fi<\/a><\/li>\n\t<li id=\"menu-item-5514\" class=\"menu-item menu-item-type-post_type menu-item-object-page menu-item-5514\"><a href=\"https:\/\/vitrinhealth.com\/tr\/treatments\/gummy-smile\/\">Sak\u0131zl\u0131 G\u00fcl\u00fcmseme<\/a><\/li>\n<\/ul>\n<\/li>\n<li id=\"menu-item-5496\" class=\"menu-item menu-item-type-custom menu-item-object-custom menu-item-has-children menu-item-5496\"><a href=\"#\">Di\u015f \u0130mplantlar\u0131<\/a>\n<ul class=\"sub-menu\">\n\t<li id=\"menu-item-5504\" class=\"menu-item menu-item-type-post_type menu-item-object-page menu-item-5504\"><a href=\"https:\/\/vitrinhealth.com\/tr\/treatments\/single-tooth-replacement\/\">Tek Di\u015f Protezi<\/a><\/li>\n\t<li id=\"menu-item-5501\" class=\"menu-item menu-item-type-post_type menu-item-object-page menu-item-5501\"><a href=\"https:\/\/vitrinhealth.com\/tr\/treatments\/multiple-teeth-replacement\/\">\u00c7oklu Di\u015f Protezi<\/a><\/li>\n\t<li id=\"menu-item-5497\" class=\"menu-item menu-item-type-post_type menu-item-object-page menu-item-5497\"><a href=\"https:\/\/vitrinhealth.com\/tr\/treatments\/all-on-four\/\">Hepsi D\u00f6rtte<\/a><\/li>\n\t<li id=\"menu-item-10873\" class=\"menu-item menu-item-type-post_type menu-item-object-page menu-item-10873\"><a href=\"https:\/\/vitrinhealth.com\/tr\/all-on-six\/\">Hepsi Alt\u0131da<\/a><\/li>\n\t<li id=\"menu-item-5500\" class=\"menu-item menu-item-type-post_type menu-item-object-page menu-item-5500\"><a href=\"https:\/\/vitrinhealth.com\/tr\/treatments\/immediate-implants\/\">\u0130mmediate \u0130mplantlar<\/a><\/li>\n\t<li id=\"menu-item-5887\" class=\"menu-item menu-item-type-post_type menu-item-object-page menu-item-5887\"><a href=\"https:\/\/vitrinhealth.com\/tr\/treatments\/bone-graft\/\">Kemik Grefti<\/a><\/li>\n\t<li id=\"menu-item-5911\" class=\"menu-item menu-item-type-post_type menu-item-object-page menu-item-5911\"><a href=\"https:\/\/vitrinhealth.com\/tr\/treatments\/sinus-lift\/\">Sin\u00fcs Kald\u0131rma<\/a><\/li>\n<\/ul>\n<\/li>\n<li id=\"menu-item-5505\" class=\"menu-item menu-item-type-custom menu-item-object-custom menu-item-has-children menu-item-5505\"><a href=\"#\">Di\u015f Cerrahisi<\/a>\n<ul class=\"sub-menu\">\n\t<li id=\"menu-item-5507\" class=\"menu-item menu-item-type-post_type menu-item-object-page menu-item-5507\"><a href=\"https:\/\/vitrinhealth.com\/tr\/treatments\/wisdom-teeth-turkey\/\">Yirmilik Di\u015fler - T\u00fcrkiye<\/a><\/li>\n\t<li id=\"menu-item-5506\" class=\"menu-item menu-item-type-post_type menu-item-object-page menu-item-5506\"><a href=\"https:\/\/vitrinhealth.com\/tr\/treatments\/bone-cyst\/\">Kemik Kisti<\/a><\/li>\n\t<li id=\"menu-item-5897\" class=\"menu-item menu-item-type-post_type menu-item-object-page menu-item-5897\"><a href=\"https:\/\/vitrinhealth.com\/tr\/treatments\/impacted-teeth-and-its-treatment-options-2\/\">G\u00f6m\u00fcl\u00fc Di\u015fler ve Tedavi Se\u00e7enekleri<\/a><\/li>\n<\/ul>\n<\/li>\n<li id=\"menu-item-5509\" class=\"menu-item menu-item-type-custom menu-item-object-custom menu-item-has-children menu-item-5509\"><a href=\"#\">K\u00f6k Kanal<\/a>\n<ul class=\"sub-menu\">\n\t<li id=\"menu-item-5903\" class=\"menu-item menu-item-type-post_type menu-item-object-page menu-item-5903\"><a href=\"https:\/\/vitrinhealth.com\/tr\/treatments\/root-canal-treatment\/\">K\u00f6k Kanal Tedavisi<\/a><\/li>\n\t<li id=\"menu-item-5888\" class=\"menu-item menu-item-type-post_type menu-item-object-page menu-item-5888\"><a href=\"https:\/\/vitrinhealth.com\/tr\/treatments\/fiber-post-dental-applications\/\">Fiber Post Dental Uygulamalar<\/a><\/li>\n<\/ul>\n<\/li>\n<li id=\"menu-item-5518\" class=\"menu-item menu-item-type-post_type menu-item-object-page menu-item-5518\"><a href=\"https:\/\/vitrinhealth.com\/tr\/treatments\/same-day-dentistry\/\">Ayn\u0131 G\u00fcn Di\u015f Hekimli\u011fi<\/a><\/li>\n<li id=\"menu-item-5515\" class=\"menu-item menu-item-type-post_type menu-item-object-page menu-item-5515\"><a href=\"https:\/\/vitrinhealth.com\/tr\/treatments\/laser-dentistry\/\">Lazer Di\u015f Hekimli\u011fi<\/a><\/li>\n<li id=\"menu-item-5516\" class=\"menu-item menu-item-type-post_type menu-item-object-page menu-item-5516\"><a href=\"https:\/\/vitrinhealth.com\/tr\/treatments\/orthodontics\/\">Ortodonti<\/a><\/li>\n<li id=\"menu-item-5517\" class=\"menu-item menu-item-type-post_type menu-item-object-page menu-item-5517\"><a href=\"https:\/\/vitrinhealth.com\/tr\/treatments\/periodontics\/\">Periodontoloji<\/a><\/li>\n<li id=\"menu-item-5513\" class=\"menu-item menu-item-type-post_type menu-item-object-page menu-item-5513\"><a href=\"https:\/\/vitrinhealth.com\/tr\/treatments\/endodontics\/\">Endodonti<\/a><\/li>\n<li id=\"menu-item-5512\" class=\"menu-item menu-item-type-post_type menu-item-object-page menu-item-5512\"><a href=\"https:\/\/vitrinhealth.com\/tr\/treatments\/children-dentistry\/\">\u00c7ocuk Di\u015f Hekimli\u011fi<\/a><\/li>\n<\/ul>                <button class=\"eael-simple-menu-toggle\">\n                    <span class=\"sr-only\">Hamburger Toggle Menu<\/span>\n                    <svg aria-hidden=\"true\" class=\"e-font-icon-svg e-fas-bars\" viewbox=\"0 0 448 512\" xmlns=\"http:\/\/www.w3.org\/2000\/svg\"><path d=\"M16 132h416c8.837 0 16-7.163 16-16V76c0-8.837-7.163-16-16-16H16C7.163 60 0 67.163 0 76v40c0 8.837 7.163 16 16 16zm0 160h416c8.837 0 16-7.163 16-16v-40c0-8.837-7.163-16-16-16H16c-8.837 0-16 7.163-16 16v40c0 8.837 7.163 16 16 16zm0 160h416c8.837 0 16-7.163 16-16v-40c0-8.837-7.163-16-16-16H16c-8.837 0-16 7.163-16 16v40c0 8.837 7.163 16 16 16z\"><\/path><\/svg>                <\/button>\n            <\/div>\n            \t\t\t\t<\/div>\n\t\t\t\t<\/div>\n\t\t<div class=\"elementor-element elementor-element-74d33c2d e-con-full e-flex e-con e-parent\" data-id=\"74d33c2d\" data-element_type=\"container\" data-e-type=\"container\">\n\t\t\t\t<div class=\"elementor-element elementor-element-7eb98b2a elementor-widget elementor-widget-heading\" data-id=\"7eb98b2a\" data-element_type=\"widget\" data-e-type=\"widget\" data-widget_type=\"heading.default\">\n\t\t\t\t<div class=\"elementor-widget-container\">\n\t\t\t\t\t<p class=\"elementor-heading-title elementor-size-default\">\u0130leti\u015fime ge\u00e7in!<\/p>\t\t\t\t<\/div>\n\t\t\t\t<\/div>\n\t\t\t\t<div class=\"elementor-element elementor-element-54fe3266 eael-contact-form-7-button-full-width elementor-widget__width-inherit elementor-widget elementor-widget-eael-contact-form-7\" data-id=\"54fe3266\" data-element_type=\"widget\" data-e-type=\"widget\" data-widget_type=\"eael-contact-form-7.default\">\n\t\t\t\t<div class=\"elementor-widget-container\">\n\t\t\t\t\t<div class=\"eael-contact-form-7-wrapper\">\n                <div class=\"eael-contact-form eael-contact-form-7 eael-contact-form-54fe3266 placeholder-show eael-contact-form-align-center\">\n<div class=\"wpcf7 no-js\" id=\"wpcf7-f4811-o1\" lang=\"en-US\" dir=\"ltr\" data-wpcf7-id=\"4811\">\n<div class=\"screen-reader-response\"><p role=\"status\" aria-live=\"polite\" aria-atomic=\"true\"><\/p> <ul><\/ul><\/div>\n<form action=\"\/tr\/wp-json\/wp\/v2\/pages\/6120#wpcf7-f4811-o1\" method=\"post\" class=\"wpcf7-form init\" aria-label=\"Contact form\" novalidate=\"novalidate\" data-status=\"init\" data-trp-original-action=\"\/tr\/wp-json\/wp\/v2\/pages\/6120#wpcf7-f4811-o1\">\n<fieldset class=\"hidden-fields-container\"><input type=\"hidden\" name=\"_wpcf7\" value=\"4811\" \/><input type=\"hidden\" name=\"_wpcf7_version\" value=\"6.1.4\" \/><input type=\"hidden\" name=\"_wpcf7_locale\" value=\"en_US\" \/><input type=\"hidden\" name=\"_wpcf7_unit_tag\" value=\"wpcf7-f4811-o1\" \/><input type=\"hidden\" name=\"_wpcf7_container_post\" value=\"0\" \/><input type=\"hidden\" name=\"_wpcf7_posted_data_hash\" value=\"\" \/><input type=\"hidden\" name=\"_wpcf7_recaptcha_response\" value=\"\" \/>\n<\/fieldset>\n<div class=\"CF-Basic\">\n\t<div style=\"margin-bottom: 0.3rem;\">\n\t\t<p><span class=\"wpcf7-form-control-wrap\" data-name=\"text-299\"><input size=\"40\" maxlength=\"400\" class=\"wpcf7-form-control wpcf7-text wpcf7-validates-as-required\" aria-required=\"true\" aria-invalid=\"false\" placeholder=\"\u0130sim\" value=\"\" type=\"text\" name=\"text-299\" \/><\/span>\n\t\t<\/p>\n\t<\/div>\n\t<div style=\"margin-bottom: 0.3rem;\">\n\t\t<p><span class=\"wpcf7-form-control-wrap\" data-name=\"phonetext-963\"><input size=\"40\" class=\"wpcf7-form-control wpcf7-phonetext wpcf7-validates-as-required wpcf7-text wpcf7-validates-as-phonetext\" data-numberonly=\"true\" aria-required=\"true\" aria-invalid=\"false\" value=\"\" type=\"text\" name=\"phonetext-963\" \/><input type=\"hidden\" name=\"phonetext-963-country-code\" class=\"wpcf7-phonetext-country-code\" \/><\/span>\n\t\t<\/p>\n\t<\/div>\n\t<div style=\"margin-bottom: 0.3rem;\">\n\t\t<p><span class=\"wpcf7-form-control-wrap\" data-name=\"email-202\"><input size=\"40\" maxlength=\"400\" class=\"wpcf7-form-control wpcf7-email wpcf7-validates-as-required wpcf7-text wpcf7-validates-as-email\" aria-required=\"true\" aria-invalid=\"false\" placeholder=\"E-posta\" value=\"\" type=\"email\" name=\"email-202\" \/><\/span>\n\t\t<\/p>\n\t<\/div>\n\t<div style=\"margin-bottom: 0.3rem;\">\n\t\t<p><span class=\"wpcf7-form-control-wrap\" data-name=\"textarea-323\"><textarea cols=\"40\" rows=\"10\" maxlength=\"2000\" class=\"wpcf7-form-control wpcf7-textarea\" aria-invalid=\"false\" placeholder=\"\u0130leti\u015fime Ge\u00e7in!\" name=\"textarea-323\"><\/textarea><\/span>\n\t\t<\/p>\n\t<\/div>\n\t<p><input class=\"wpcf7-form-control wpcf7-submit has-spinner\" type=\"submit\" value=\"\u00dccretsiz Dan\u0131\u015fmanl\u0131k Al\u0131n\" \/>\n\t<\/p>\n<\/div><div class=\"wpcf7-response-output\" aria-hidden=\"true\"><\/div>\n<input type=\"hidden\" name=\"trp-form-language\" value=\"tr\"\/><\/form>\n<\/div>\n<\/div>\n            <\/div>\t\t\t\t<\/div>\n\t\t\t\t<\/div>\n\t\t\t\t<\/div>\n\t\t\t\t<\/div>\n\t\t\t\t\t<\/div>\n\t\t\t\t<\/div>\n\t\t\t\t<\/div>","protected":false},"excerpt":{"rendered":"<p>Gingival Esthetics Getting new teeth to perfect your smile is a good Idea, but do your gums do them justice? Gingival esthetics is a procedure aiming at correcting and shaping the gums around the teeth for optimal esthetic render. Gingival Esthetics Treatment Also known as gingivoplasty or pink esthetics, this procedure provides solutions to a [&hellip;]<\/p>","protected":false},"author":23,"featured_media":0,"parent":6135,"menu_order":0,"comment_status":"closed","ping_status":"closed","template":"elementor_header_footer","meta":{"footnotes":""},"class_list":["post-6120","page","type-page","status-publish","hentry"],"_links":{"self":[{"href":"https:\/\/vitrinhealth.com\/tr\/wp-json\/wp\/v2\/pages\/6120","targetHints":{"allow":["GET"]}}],"collection":[{"href":"https:\/\/vitrinhealth.com\/tr\/wp-json\/wp\/v2\/pages"}],"about":[{"href":"https:\/\/vitrinhealth.com\/tr\/wp-json\/wp\/v2\/types\/page"}],"author":[{"embeddable":true,"href":"https:\/\/vitrinhealth.com\/tr\/wp-json\/wp\/v2\/users\/23"}],"replies":[{"embeddable":true,"href":"https:\/\/vitrinhealth.com\/tr\/wp-json\/wp\/v2\/comments?post=6120"}],"version-history":[{"count":17,"href":"https:\/\/vitrinhealth.com\/tr\/wp-json\/wp\/v2\/pages\/6120\/revisions"}],"predecessor-version":[{"id":10175,"href":"https:\/\/vitrinhealth.com\/tr\/wp-json\/wp\/v2\/pages\/6120\/revisions\/10175"}],"up":[{"embeddable":true,"href":"https:\/\/vitrinhealth.com\/tr\/wp-json\/wp\/v2\/pages\/6135"}],"wp:attachment":[{"href":"https:\/\/vitrinhealth.com\/tr\/wp-json\/wp\/v2\/media?parent=6120"}],"curies":[{"name":"wp","href":"https:\/\/api.w.org\/{rel}","templated":true}]}}